{"id":2726,"date":"2026-02-22T16:44:09","date_gmt":"2026-02-22T22:44:09","guid":{"rendered":"https:\/\/dev.mynextlight.com\/?page_id=2726"},"modified":"2026-02-26T21:43:46","modified_gmt":"2026-02-27T03:43:46","slug":"shortcode-sms-terms-conditions","status":"publish","type":"page","link":"https:\/\/mynextlight.com\/es\/shortcode-sms-terms-conditions\/","title":{"rendered":"T\u00e9rminos y Condiciones de SMS de C\u00f3digo Corto"},"content":{"rendered":"<div data-elementor-type=\"wp-page\" data-elementor-id=\"2726\" class=\"elementor elementor-2726\" data-elementor-post-type=\"page\">\n\t\t\t\t<div class=\"elementor-element elementor-element-3c286671 nl-hero nl-hero--page-title e-flex e-con-boxed e-con e-parent\" data-id=\"3c286671\" data-element_type=\"container\" data-e-type=\"container\" data-settings=\"{&quot;background_background&quot;:&quot;classic&quot;}\">\n\t\t\t\t\t<div class=\"e-con-inner\">\n\t\t<div class=\"elementor-element elementor-element-778eee18 e-flex e-con-boxed e-con e-child\" data-id=\"778eee18\" data-element_type=\"container\" data-e-type=\"container\">\n\t\t\t\t\t<div class=\"e-con-inner\">\n\t\t\t\t<div class=\"elementor-element elementor-element-3199638a elementor-widget elementor-widget-text-editor\" data-id=\"3199638a\" data-element_type=\"widget\" data-e-type=\"widget\" data-widget_type=\"text-editor.default\">\n\t\t\t\t\t\t\t\t\t<h1>T\u00e9rminos y Condiciones de SMS de C\u00f3digo Corto<\/h1>\t\t\t\t\t\t\t\t<\/div>\n\t\t\t\t\t<\/div>\n\t\t\t\t<\/div>\n\t\t\t\t\t<\/div>\n\t\t\t\t<\/div>\n\t\t<div class=\"elementor-element elementor-element-6f838f4 e-flex e-con-boxed e-con e-parent\" data-id=\"6f838f4\" data-element_type=\"container\" data-e-type=\"container\">\n\t\t\t\t\t<div class=\"e-con-inner\">\n\t\t\t\t<div class=\"elementor-element elementor-element-36f9f91 elementor-widget elementor-widget-text-editor\" data-id=\"36f9f91\" data-element_type=\"widget\" data-e-type=\"widget\" data-widget_type=\"text-editor.default\">\n\t\t\t\t\t\t\t\t\t<p><strong><u>T\u00e9rminos y Condiciones y Pol\u00edtica de Privacidad de NextLight Alerts para M\u00f3viles<\/u><\/strong><\/p><p>Fecha de efectividad: 1\/1\/2023<\/p><p>Nombre del Programa: Alertas NextLight<\/p><p><strong><u>T\u00e9rminos y condiciones<\/u><\/strong><\/p><p>Reciba mensajes sobre ofertas especiales, alertas y actualizaciones de servicio, eventos, encuestas, actualizaciones de cuenta y facturaci\u00f3n, inscripciones, solicite informaci\u00f3n e informaci\u00f3n general de NextLight Alerts a trav\u00e9s de su dispositivo m\u00f3vil. Inscr\u00edbase a trav\u00e9s de la web (<a href=\"https:\/\/mynextlight.com\/es\/nextlight-alerts-sms-program-form\/\">https:\/\/mynextlight.com\/nextlight-alerts-sms-program-form\/<\/a>o env\u00eda el texto NEXTLIGHT al 40304. La frecuencia de los mensajes var\u00eda.\u00a0\u00a0<strong>Se pueden aplicar tarifas de mensajes y datos.<\/strong><\/p><p>Al aceptar este servicio, usted consiente en recibir alertas de texto m\u00f3viles utilizando un sistema autom\u00e1tico de marcaci\u00f3n telef\u00f3nica. Su consentimiento para recibir mensajes de texto de marketing no es un requisito para comprar bienes o servicios.<\/p><p>Al registrarte, confirmas que tienes m\u00e1s de 13 a\u00f1os.<\/p><p><strong>Detener informaci\u00f3n<\/strong><\/p><p>Texto\u00a0<strong>DETENTE<\/strong>\u00a0al 40304 para dejar de recibir mensajes de Alertas de NextLight de NextLight (recibir\u00e1s un mensaje de texto de confirmaci\u00f3n).<\/p><p><strong>AYUDA Informaci\u00f3n<\/strong><\/p><p>Para informaci\u00f3n adicional, env\u00eda un mensaje\u00a0<strong>AYUDA<\/strong>\u00a0al 40304 o contacta al 303-774-4494.<\/p><p><strong>Operadores compatibles son:<\/strong><\/p><p>AT&amp;T, Sprint, T-Mobile\u00ae, Verizon Wireless, Boost, Cricket, MetroPCS, U.S. Cellular, Virgin Mobile, Google Voice, ACS Wireless, Advantage Cellular (DTC Wireless), Appalachian Wireless, Atlantic Tele-Network International (ATN), Bandwidth, Bluegrass Cellular, Buffalo Wireless, CableVision, Carolina West Wireless, Cellcom, Copper Valley, C-Spire Wireless (antes Cellsouth), Cellular One of East Central Illinois, Chariton Valley Cellular, Cross (dba Sprocket), Duet IP, Element Mobile, EpicTouch, GCI Communications, Golden State, Hawkeye (Chat Mobility), Hawkeye (NW Missouri Cellular), i Wireless (IOWA Wireless), Illinois Valley Cellular, Immix (Keystone Wireless \/ PC Management), Inland Cellular, Mobi PCS (Coral Wireless LLC), Mosaic, MTA Communications, MTPCS \/ Cellular One (Cellone Nation), Nex-Tech Wireless, Panhandle Telecommunications, Peoples Wireless, Pine Belt Wireless, Pine Cellular, Pioneer, Plateau, Revol Wireless, RINA, SI Wireless\/Mobile Nation, SouthernLinc, SRT Wireless, Thumb Cellular, Union Wireless, United, Viaero Wireless, West Central Wireless, Leaco, Nemont\/Sagebrush. T-Mobile no se hace responsable de los mensajes retrasados o no entregados.<\/p><p>Nos tomamos tu privacidad en serio. Por favor, despl\u00e1zate hacia abajo para revisar nuestra pol\u00edtica de privacidad.<\/p><p><strong><u>Pol\u00edtica de privacidad de NextLight<\/u><\/strong><\/p><p>Como una empresa de servicios p\u00fablicos de banda ancha sin fines de lucro y de propiedad comunitaria, nuestra primera prioridad es servir a nuestros clientes-propietarios. Ha sido nuestra pol\u00edtica desde hace mucho tiempo que la informaci\u00f3n espec\u00edfica del cliente no se compartir\u00e1 con terceros sin el permiso por escrito del cliente o una orden judicial. Nuestra pol\u00edtica tambi\u00e9n cumple con la Ley de Registros Abiertos de Colorado, donde la informaci\u00f3n del cliente de la empresa de servicios p\u00fablicos est\u00e1 espec\u00edficamente protegida. Tambi\u00e9n cumple con los requisitos estatales y federales aplicables.<\/p>\t\t\t\t\t\t\t\t<\/div>\n\t\t\t\t\t<\/div>\n\t\t\t\t<\/div>\n\t\t\t\t<\/div>","protected":false},"excerpt":{"rendered":"<p>Shortcode SMS Terms &amp; Conditions NextLight Alerts Mobile Terms and Conditions and Privacy Policy Effective Date: 1\/1\/2023 Program Name: NextLight [&hellip;]<\/p>\n","protected":false},"author":3,"featured_media":0,"parent":0,"menu_order":0,"comment_status":"closed","ping_status":"closed","template":"","meta":{"site-sidebar-layout":"no-sidebar","site-content-layout":"","ast-site-content-layout":"full-width-container","site-content-style":"default","site-sidebar-style":"default","ast-global-header-display":"","ast-banner-title-visibility":"","ast-main-header-display":"","ast-hfb-above-header-display":"","ast-hfb-below-header-display":"","ast-hfb-mobile-header-display":"","site-post-title":"","ast-breadcrumbs-content":"","ast-featured-img":"disabled","footer-sml-layout":"","ast-disable-related-posts":"","theme-transparent-header-meta":"default","adv-header-id-meta":"","stick-header-meta":"default","header-above-stick-meta":"","header-main-stick-meta":"","header-below-stick-meta":"","astra-migrate-meta-layouts":"set","ast-page-background-enabled":"default","ast-page-background-meta":{"desktop":{"background-color":"var(--ast-global-color-5)","background-image":"","background-repeat":"repeat","background-position":"center center","background-size":"auto","background-attachment":"scroll","background-type":"","background-media":"","overlay-type":"","overlay-color":"","overlay-opacity":"","overlay-gradient":""},"tablet":{"background-color":"","background-image":"","background-repeat":"repeat","background-position":"center center","background-size":"auto","background-attachment":"scroll","background-type":"","background-media":"","overlay-type":"","overlay-color":"","overlay-opacity":"","overlay-gradient":""},"mobile":{"background-color":"","background-image":"","background-repeat":"repeat","background-position":"center center","background-size":"auto","background-attachment":"scroll","background-type":"","background-media":"","overlay-type":"","overlay-color":"","overlay-opacity":"","overlay-gradient":""}},"ast-content-background-meta":{"desktop":{"background-color":"var(--ast-global-color-4)","background-image":"","background-repeat":"repeat","background-position":"center center","background-size":"auto","background-attachment":"scroll","background-type":"","background-media":"","overlay-type":"","overlay-color":"","overlay-opacity":"","overlay-gradient":""},"tablet":{"background-color":"var(--ast-global-color-4)","background-image":"","background-repeat":"repeat","background-position":"center center","background-size":"auto","background-attachment":"scroll","background-type":"","background-media":"","overlay-type":"","overlay-color":"","overlay-opacity":"","overlay-gradient":""},"mobile":{"background-color":"var(--ast-global-color-4)","background-image":"","background-repeat":"repeat","background-position":"center center","background-size":"auto","background-attachment":"scroll","background-type":"","background-media":"","overlay-type":"","overlay-color":"","overlay-opacity":"","overlay-gradient":""}},"footnotes":""},"class_list":["post-2726","page","type-page","status-publish","hentry"],"yoast_head":"<!-- This site is optimized with the Yoast SEO Premium plugin v27.4 (Yoast SEO v27.4) - https:\/\/yoast.com\/product\/yoast-seo-premium-wordpress\/ -->\n<title>Shortcode SMS Terms &amp; Conditions - NextLight<\/title>\n<meta name=\"robots\" content=\"noindex, follow\" \/>\n<meta property=\"og:locale\" content=\"es_MX\" \/>\n<meta property=\"og:type\" content=\"article\" \/>\n<meta property=\"og:title\" content=\"Shortcode SMS Terms &amp; Conditions\" \/>\n<meta property=\"og:description\" content=\"Shortcode SMS Terms &amp; Conditions NextLight Alerts Mobile Terms and Conditions and Privacy Policy Effective Date: 1\/1\/2023 Program Name: NextLight [&hellip;]\" \/>\n<meta property=\"og:url\" content=\"https:\/\/mynextlight.com\/es\/shortcode-sms-terms-conditions\/\" \/>\n<meta property=\"og:site_name\" content=\"NextLight\" \/>\n<meta property=\"article:publisher\" content=\"https:\/\/www.facebook.com\/NextLightLongmont\/\" \/>\n<meta property=\"article:modified_time\" content=\"2026-02-27T03:43:46+00:00\" \/>\n<meta property=\"og:image\" content=\"https:\/\/mynextlight.com\/wp-content\/uploads\/2026\/02\/nextlight-longmont-fiber-internet-logo.jpg\" \/>\n\t<meta property=\"og:image:width\" content=\"1200\" \/>\n\t<meta property=\"og:image:height\" content=\"675\" \/>\n\t<meta property=\"og:image:type\" content=\"image\/jpeg\" \/>\n<meta name=\"twitter:card\" content=\"summary_large_image\" \/>\n<meta name=\"twitter:label1\" content=\"Tiempo de lectura\" \/>\n\t<meta name=\"twitter:data1\" content=\"2 minutos\" \/>\n<script type=\"application\/ld+json\" class=\"yoast-schema-graph\">{\"@context\":\"https:\\\/\\\/schema.org\",\"@graph\":[{\"@type\":\"WebPage\",\"@id\":\"https:\\\/\\\/mynextlight.com\\\/shortcode-sms-terms-conditions\\\/\",\"url\":\"https:\\\/\\\/mynextlight.com\\\/shortcode-sms-terms-conditions\\\/\",\"name\":\"Shortcode SMS Terms & Conditions - NextLight\",\"isPartOf\":{\"@id\":\"https:\\\/\\\/mynextlight.com\\\/#website\"},\"datePublished\":\"2026-02-22T22:44:09+00:00\",\"dateModified\":\"2026-02-27T03:43:46+00:00\",\"breadcrumb\":{\"@id\":\"https:\\\/\\\/mynextlight.com\\\/shortcode-sms-terms-conditions\\\/#breadcrumb\"},\"inLanguage\":\"es\",\"potentialAction\":[{\"@type\":\"ReadAction\",\"target\":[\"https:\\\/\\\/mynextlight.com\\\/shortcode-sms-terms-conditions\\\/\"]}]},{\"@type\":\"BreadcrumbList\",\"@id\":\"https:\\\/\\\/mynextlight.com\\\/shortcode-sms-terms-conditions\\\/#breadcrumb\",\"itemListElement\":[{\"@type\":\"ListItem\",\"position\":1,\"name\":\"Home\",\"item\":\"https:\\\/\\\/mynextlight.com\\\/\"},{\"@type\":\"ListItem\",\"position\":2,\"name\":\"Shortcode SMS Terms &#038; Conditions\"}]},{\"@type\":\"WebSite\",\"@id\":\"https:\\\/\\\/mynextlight.com\\\/#website\",\"url\":\"https:\\\/\\\/mynextlight.com\\\/\",\"name\":\"NextLight\",\"description\":\"Fiber Internet in Longmont, Colorado\",\"publisher\":{\"@id\":\"https:\\\/\\\/mynextlight.com\\\/#organization\"},\"alternateName\":\"NL\",\"potentialAction\":[{\"@type\":\"SearchAction\",\"target\":{\"@type\":\"EntryPoint\",\"urlTemplate\":\"https:\\\/\\\/mynextlight.com\\\/?s={search_term_string}\"},\"query-input\":{\"@type\":\"PropertyValueSpecification\",\"valueRequired\":true,\"valueName\":\"search_term_string\"}}],\"inLanguage\":\"es\"},{\"@type\":\"Organization\",\"@id\":\"https:\\\/\\\/mynextlight.com\\\/#organization\",\"name\":\"NextLight\",\"url\":\"https:\\\/\\\/mynextlight.com\\\/\",\"logo\":{\"@type\":\"ImageObject\",\"inLanguage\":\"es\",\"@id\":\"https:\\\/\\\/mynextlight.com\\\/#\\\/schema\\\/logo\\\/image\\\/\",\"url\":\"https:\\\/\\\/mynextlight.com\\\/wp-content\\\/uploads\\\/2026\\\/01\\\/nextlight-logo.svg\",\"contentUrl\":\"https:\\\/\\\/mynextlight.com\\\/wp-content\\\/uploads\\\/2026\\\/01\\\/nextlight-logo.svg\",\"width\":250,\"height\":85,\"caption\":\"NextLight\"},\"image\":{\"@id\":\"https:\\\/\\\/mynextlight.com\\\/#\\\/schema\\\/logo\\\/image\\\/\"},\"sameAs\":[\"https:\\\/\\\/www.facebook.com\\\/NextLightLongmont\\\/\",\"https:\\\/\\\/www.instagram.com\\\/nextlightlongmont\\\/\",\"https:\\\/\\\/www.youtube.com\\\/c\\\/cityoflongmont\\\/videos\"],\"description\":\"NextLight is the City of Longmont\u2019s municipally owned fiber internet utility, providing fiber internet services to residents and businesses across Longmont, Colorado.\",\"email\":\"customerservice@mynextlight.com\",\"telephone\":\"303-774-4494\",\"legalName\":\"NextLight\",\"foundingDate\":\"2024-10-21\",\"numberOfEmployees\":{\"@type\":\"QuantitativeValue\",\"minValue\":\"11\",\"maxValue\":\"50\"}}]}<\/script>\n<!-- \/ Yoast SEO Premium plugin. -->","yoast_head_json":{"title":"Shortcode SMS Terms & Conditions - NextLight","robots":{"index":"noindex","follow":"follow"},"og_locale":"es_MX","og_type":"article","og_title":"Shortcode SMS Terms & Conditions","og_description":"Shortcode SMS Terms &amp; Conditions NextLight Alerts Mobile Terms and Conditions and Privacy Policy Effective Date: 1\/1\/2023 Program Name: NextLight [&hellip;]","og_url":"https:\/\/mynextlight.com\/es\/shortcode-sms-terms-conditions\/","og_site_name":"NextLight","article_publisher":"https:\/\/www.facebook.com\/NextLightLongmont\/","article_modified_time":"2026-02-27T03:43:46+00:00","og_image":[{"width":1200,"height":675,"url":"https:\/\/mynextlight.com\/wp-content\/uploads\/2026\/02\/nextlight-longmont-fiber-internet-logo.jpg","type":"image\/jpeg"}],"twitter_card":"summary_large_image","twitter_misc":{"Tiempo de lectura":"2 minutos"},"schema":{"@context":"https:\/\/schema.org","@graph":[{"@type":"WebPage","@id":"https:\/\/mynextlight.com\/shortcode-sms-terms-conditions\/","url":"https:\/\/mynextlight.com\/shortcode-sms-terms-conditions\/","name":"Shortcode SMS Terms & Conditions - NextLight","isPartOf":{"@id":"https:\/\/mynextlight.com\/#website"},"datePublished":"2026-02-22T22:44:09+00:00","dateModified":"2026-02-27T03:43:46+00:00","breadcrumb":{"@id":"https:\/\/mynextlight.com\/shortcode-sms-terms-conditions\/#breadcrumb"},"inLanguage":"es","potentialAction":[{"@type":"ReadAction","target":["https:\/\/mynextlight.com\/shortcode-sms-terms-conditions\/"]}]},{"@type":"BreadcrumbList","@id":"https:\/\/mynextlight.com\/shortcode-sms-terms-conditions\/#breadcrumb","itemListElement":[{"@type":"ListItem","position":1,"name":"Home","item":"https:\/\/mynextlight.com\/"},{"@type":"ListItem","position":2,"name":"Shortcode SMS Terms &#038; Conditions"}]},{"@type":"WebSite","@id":"https:\/\/mynextlight.com\/#website","url":"https:\/\/mynextlight.com\/","name":"servicio de Internet","description":"Internet por fibra \u00f3ptica en Longmont, Colorado","publisher":{"@id":"https:\/\/mynextlight.com\/#organization"},"alternateName":"NL","potentialAction":[{"@type":"SearchAction","target":{"@type":"EntryPoint","urlTemplate":"https:\/\/mynextlight.com\/?s={search_term_string}"},"query-input":{"@type":"PropertyValueSpecification","valueRequired":true,"valueName":"search_term_string"}}],"inLanguage":"es"},{"@type":"Organization","@id":"https:\/\/mynextlight.com\/#organization","name":"servicio de Internet","url":"https:\/\/mynextlight.com\/","logo":{"@type":"ImageObject","inLanguage":"es","@id":"https:\/\/mynextlight.com\/#\/schema\/logo\/image\/","url":"https:\/\/mynextlight.com\/wp-content\/uploads\/2026\/01\/nextlight-logo.svg","contentUrl":"https:\/\/mynextlight.com\/wp-content\/uploads\/2026\/01\/nextlight-logo.svg","width":250,"height":85,"caption":"NextLight"},"image":{"@id":"https:\/\/mynextlight.com\/#\/schema\/logo\/image\/"},"sameAs":["https:\/\/www.facebook.com\/NextLightLongmont\/","https:\/\/www.instagram.com\/nextlightlongmont\/","https:\/\/www.youtube.com\/c\/cityoflongmont\/videos"],"description":"NextLight es la empresa municipal de Internet por fibra \u00f3ptica de la ciudad de Longmont, que proporciona servicios de Internet por fibra \u00f3ptica a los residentes y empresas de Longmont, Colorado.","email":"customerservice@mynextlight.com","telephone":"303-774-4494","legalName":"NextLight","foundingDate":"2024-10-21","numberOfEmployees":{"@type":"QuantitativeValue","minValue":"11","maxValue":"50"}}]}},"_links":{"self":[{"href":"https:\/\/mynextlight.com\/es\/wp-json\/wp\/v2\/pages\/2726","targetHints":{"allow":["GET"]}}],"collection":[{"href":"https:\/\/mynextlight.com\/es\/wp-json\/wp\/v2\/pages"}],"about":[{"href":"https:\/\/mynextlight.com\/es\/wp-json\/wp\/v2\/types\/page"}],"author":[{"embeddable":true,"href":"https:\/\/mynextlight.com\/es\/wp-json\/wp\/v2\/users\/3"}],"replies":[{"embeddable":true,"href":"https:\/\/mynextlight.com\/es\/wp-json\/wp\/v2\/comments?post=2726"}],"version-history":[{"count":5,"href":"https:\/\/mynextlight.com\/es\/wp-json\/wp\/v2\/pages\/2726\/revisions"}],"predecessor-version":[{"id":3032,"href":"https:\/\/mynextlight.com\/es\/wp-json\/wp\/v2\/pages\/2726\/revisions\/3032"}],"wp:attachment":[{"href":"https:\/\/mynextlight.com\/es\/wp-json\/wp\/v2\/media?parent=2726"}],"curies":[{"name":"wp","href":"https:\/\/api.w.org\/{rel}","templated":true}]}}