{"id":1972,"date":"2026-02-18T05:53:05","date_gmt":"2026-02-18T11:53:05","guid":{"rendered":"https:\/\/dev.mynextlight.com\/?page_id=1972"},"modified":"2026-02-27T09:49:26","modified_gmt":"2026-02-27T15:49:26","slug":"service-disconnects","status":"publish","type":"page","link":"https:\/\/mynextlight.com\/es\/service-disconnects\/","title":{"rendered":"Service Disconnects"},"content":{"rendered":"<div data-elementor-type=\"wp-page\" data-elementor-id=\"1972\" class=\"elementor elementor-1972\" data-elementor-post-type=\"page\">\n\t\t\t\t<div class=\"elementor-element elementor-element-746c27c1 nl-hero nl-hero--page-title e-flex e-con-boxed e-con e-parent\" data-id=\"746c27c1\" data-element_type=\"container\" data-e-type=\"container\" data-settings=\"{&quot;background_background&quot;:&quot;classic&quot;}\">\n\t\t\t\t\t<div class=\"e-con-inner\">\n\t\t<div class=\"elementor-element elementor-element-343fbdba e-flex e-con-boxed e-con e-child\" data-id=\"343fbdba\" data-element_type=\"container\" data-e-type=\"container\">\n\t\t\t\t\t<div class=\"e-con-inner\">\n\t\t\t\t<div class=\"elementor-element elementor-element-1f11b4f7 elementor-widget elementor-widget-text-editor\" data-id=\"1f11b4f7\" data-element_type=\"widget\" data-e-type=\"widget\" data-widget_type=\"text-editor.default\">\n\t\t\t\t\t\t\t\t\t<h1>Vaya...\u00a0<\/h1><h4>Tu cuenta de NextLight ha sido<br \/>\u00a1Suspenso temporalmente!<\/h4>\t\t\t\t\t\t\t\t<\/div>\n\t\t\t\t\t<\/div>\n\t\t\t\t<\/div>\n\t\t\t\t\t<\/div>\n\t\t\t\t<\/div>\n\t\t<div class=\"elementor-element elementor-element-82e7096 e-flex e-con-boxed e-con e-parent\" data-id=\"82e7096\" data-element_type=\"container\" data-e-type=\"container\">\n\t\t\t\t\t<div class=\"e-con-inner\">\n\t\t\t\t<div class=\"elementor-element elementor-element-ef1c486 elementor-widget elementor-widget-heading\" data-id=\"ef1c486\" data-element_type=\"widget\" data-e-type=\"widget\" data-widget_type=\"heading.default\">\n\t\t\t\t\t<h2 class=\"elementor-heading-title elementor-size-default\">Pero <em>no te preocupes<\/em>, \u00a1se puede restaurar f\u00e1cil y r\u00e1pidamente!<\/h2>\t\t\t\t<\/div>\n\t\t<div class=\"elementor-element elementor-element-3b304c4 e-con-full e-flex e-con e-child\" data-id=\"3b304c4\" data-element_type=\"container\" data-e-type=\"container\">\n\t\t\t\t<div class=\"elementor-element elementor-element-f06aaef elementor-widget elementor-widget-text-editor\" data-id=\"f06aaef\" data-element_type=\"widget\" data-e-type=\"widget\" data-widget_type=\"text-editor.default\">\n\t\t\t\t\t\t\t\t\t<p class=\"p2\"><span class=\"s1\"><span class=\"Apple-converted-space\">\u00a0<\/span><\/span>Esto puede deberse a que se ha olvidado un pago, se ha retrasado o no se ha liquidado. Una vez que hayamos recibido el pago y su cuenta est\u00e9 al corriente, podremos restablecer r\u00e1pidamente su servicio.<\/p><p class=\"p3\">Si\u00e9ntete libre de utilizar el m\u00e9todo de pago que te resulte m\u00e1s conveniente:<\/p><ul><li class=\"p3\">Llame a nuestro servicio de pago autom\u00e1tico disponible las 24 horas del d\u00eda, los 7 d\u00edas de la semana, al 303-774-4494.<span class=\"Apple-converted-space\">\u00a0<\/span><\/li><li class=\"p3\">Vis\u00edtanos en persona en el Centro C\u00edvico: 350 Kimbark St, Longmont, CO 80501.<\/li><li class=\"p3\">En l\u00ednea, haciendo clic en el bot\u00f3n de abajo:<\/li><\/ul>\t\t\t\t\t\t\t\t<\/div>\n\t\t\t\t<div class=\"elementor-element elementor-element-ddeb0ca elementor-widget elementor-widget-astra_child_nextlight_button\" data-id=\"ddeb0ca\" data-element_type=\"widget\" data-e-type=\"widget\" data-widget_type=\"astra_child_nextlight_button.default\">\n\t\t\t\t<div class=\"elementor-widget-container\">\n\t\t\t\t\t\n\t\t<a \n\t\t\tclass=\"nl-button nl-button-large nl-button-primary\"\n\t\t\thref=\"https:\/\/mybroadbandaccount.com\/LPCNextLight\/\"\t\t\ttarget=\"&quot;_blank&quot;\t\t\trel=&quot;noopener&quot;\">\n\t\t\t<span class=\"nl-button-text\">Pagar mi factura<\/span>\n\t\t\t\t\t\t\t<span class=\"nl-button-arrow\">\n\t\t\t\t\t<svg width=\"24\" height=\"24\" viewbox=\"0 0 18 18\" fill=\"none\" xmlns=\"http:\/\/www.w3.org\/2000\/svg\">\n\t\t\t\t\t\t<path d=\"M15.0005 8.99745H2.99948M10.5035 4.5L15.0005 8.99985L10.5035 13.5\" stroke=\"currentColor\" stroke-width=\"2\" stroke-linecap=\"round\" stroke-linejoin=\"round\"\/>\n\t\t\t\t\t<\/svg>\n\t\t\t\t<\/span>\n\t\t\t\t\t<\/a>\n\n\t\t\t\t\t\t<\/div>\n\t\t\t\t<\/div>\n\t\t\t\t<div class=\"elementor-element elementor-element-5f32c58 elementor-widget elementor-widget-heading\" data-id=\"5f32c58\" data-element_type=\"widget\" data-e-type=\"widget\" data-widget_type=\"heading.default\">\n\t\t\t\t\t<h4 class=\"elementor-heading-title elementor-size-default\">\u00bfNo tienes una cuenta de banda ancha? <br>Pague en l\u00ednea utilizando nuestro portal para hu\u00e9spedes en <u><a href=\"https:\/\/ipn.paymentus.com\/rotp\/clmn\">Haga clic aqu\u00ed para acceder al portal de invitados y pagar sus facturas.<\/a><\/u>.<\/h4>\t\t\t\t<\/div>\n\t\t\t\t<div class=\"elementor-element elementor-element-54975c6 elementor-widget elementor-widget-astra_child_nextlight_icon_card\" data-id=\"54975c6\" data-element_type=\"widget\" data-e-type=\"widget\" data-widget_type=\"astra_child_nextlight_icon_card.default\">\n\t\t\t\t<div class=\"elementor-widget-container\">\n\t\t\t\t\t\n\t\t<div class=\"nl-icon-card nl-icon-card-teal-border nl-icon-card-icon-above nl-icon-card-icon-medium nl-icon-card-align-center\">\n\t\t\t\t\t\t\t<div class=\"nl-icon-card-icon\">\n\t\t\t\t\t<i aria-hidden=\"true\" class=\"lni lni-telephone-arrow-top-right\"><\/i>\t\t\t\t<\/div>\n\t\t\t\n\t\t\t<div class=\"nl-icon-card-content\">\n\t\t\t\t\t\t\t\t\t\t\t\t\t\t\t<div class=\"nl-icon-card-titles\">\n\t\t\t\t\t\t\t\t\t\t\t\t\t\t\t<h3 class=\"nl-icon-card-title\">\n\t\t\t\t\t\t\t\t\t(303) 774-4494\t\t\t\t\t\t\t\t<\/h3>\n\t\t\t\t\t\t\t\t\t\t\t\t\t\t\t\t\t\t\t\t\t\t<h4 class=\"nl-icon-card-subtitle\">\n\t\t\t\t\t\t\t\t\tQueremos asegurarnos de que sigas conectado.\t\t\t\t\t\t\t\t<\/h4>\n\t\t\t\t\t\t\t\t\t\t\t\t\t<\/div>\n\t\t\t\t\t\t\t\t\t\n\t\t\t\t\t\t\t\t\t<p class=\"nl-icon-card-description\">Si necesita ayuda para pagar su servicio de Internet, llame para obtener informaci\u00f3n sobre las opciones de pago, los descuentos e incluso Internet GRATIS para los hogares que cumplan los requisitos.<\/p>\n\t\t\t\t\n\t\t\t\t\t\t\t<\/div>\n\t\t<\/div>\n\n\t\t\t\t\t\t<\/div>\n\t\t\t\t<\/div>\n\t\t\t\t<\/div>\n\t\t\t\t\t<\/div>\n\t\t\t\t<\/div>\n\t\t\t\t<\/div>","protected":false},"excerpt":{"rendered":"<p>Oops&#8230; Your NextLight account has been temporarily suspended! But worry not, it can be restored easily and quickly! This may [&hellip;]<\/p>\n","protected":false},"author":3,"featured_media":2762,"parent":0,"menu_order":0,"comment_status":"closed","ping_status":"closed","template":"","meta":{"site-sidebar-layout":"no-sidebar","site-content-layout":"","ast-site-content-layout":"full-width-container","site-content-style":"default","site-sidebar-style":"default","ast-global-header-display":"","ast-banner-title-visibility":"","ast-main-header-display":"","ast-hfb-above-header-display":"","ast-hfb-below-header-display":"","ast-hfb-mobile-header-display":"","site-post-title":"","ast-breadcrumbs-content":"","ast-featured-img":"disabled","footer-sml-layout":"","ast-disable-related-posts":"","theme-transparent-header-meta":"default","adv-header-id-meta":"","stick-header-meta":"default","header-above-stick-meta":"","header-main-stick-meta":"","header-below-stick-meta":"","astra-migrate-meta-layouts":"set","ast-page-background-enabled":"default","ast-page-background-meta":{"desktop":{"background-color":"var(--ast-global-color-5)","background-image":"","background-repeat":"repeat","background-position":"center center","background-size":"auto","background-attachment":"scroll","background-type":"","background-media":"","overlay-type":"","overlay-color":"","overlay-opacity":"","overlay-gradient":""},"tablet":{"background-color":"","background-image":"","background-repeat":"repeat","background-position":"center center","background-size":"auto","background-attachment":"scroll","background-type":"","background-media":"","overlay-type":"","overlay-color":"","overlay-opacity":"","overlay-gradient":""},"mobile":{"background-color":"","background-image":"","background-repeat":"repeat","background-position":"center center","background-size":"auto","background-attachment":"scroll","background-type":"","background-media":"","overlay-type":"","overlay-color":"","overlay-opacity":"","overlay-gradient":""}},"ast-content-background-meta":{"desktop":{"background-color":"var(--ast-global-color-4)","background-image":"","background-repeat":"repeat","background-position":"center center","background-size":"auto","background-attachment":"scroll","background-type":"","background-media":"","overlay-type":"","overlay-color":"","overlay-opacity":"","overlay-gradient":""},"tablet":{"background-color":"var(--ast-global-color-4)","background-image":"","background-repeat":"repeat","background-position":"center center","background-size":"auto","background-attachment":"scroll","background-type":"","background-media":"","overlay-type":"","overlay-color":"","overlay-opacity":"","overlay-gradient":""},"mobile":{"background-color":"var(--ast-global-color-4)","background-image":"","background-repeat":"repeat","background-position":"center center","background-size":"auto","background-attachment":"scroll","background-type":"","background-media":"","overlay-type":"","overlay-color":"","overlay-opacity":"","overlay-gradient":""}},"footnotes":""},"class_list":["post-1972","page","type-page","status-publish","has-post-thumbnail","hentry"],"yoast_head":"<!-- This site is optimized with the Yoast SEO Premium plugin v27.4 (Yoast SEO v27.4) - https:\/\/yoast.com\/product\/yoast-seo-premium-wordpress\/ -->\n<title>NextLight Account Temporarily Suspended: Restore Access<\/title>\n<meta name=\"description\" content=\"If your NextLight account has been temporarily suspended, find out how to quickly restore your service after payment.\" \/>\n<meta name=\"robots\" content=\"index, follow, max-snippet:-1, max-image-preview:large, max-video-preview:-1\" \/>\n<link rel=\"canonical\" href=\"https:\/\/mynextlight.com\/es\/service-disconnects\/\" \/>\n<meta property=\"og:locale\" content=\"es_MX\" \/>\n<meta property=\"og:type\" content=\"article\" \/>\n<meta property=\"og:title\" content=\"NextLight Account Has Been Temporarily Suspended?\" \/>\n<meta property=\"og:description\" content=\"Is your NextLight account temporarily suspended? Learn how to restore service by making a quick payment today.\" \/>\n<meta property=\"og:url\" content=\"https:\/\/mynextlight.com\/es\/service-disconnects\/\" \/>\n<meta property=\"og:site_name\" content=\"NextLight\" \/>\n<meta property=\"article:publisher\" content=\"https:\/\/www.facebook.com\/NextLightLongmont\/\" \/>\n<meta property=\"article:modified_time\" content=\"2026-02-27T15:49:26+00:00\" \/>\n<meta property=\"og:image\" content=\"https:\/\/mynextlight.com\/wp-content\/uploads\/2026\/01\/nextlight-customer-support-rep-desk.jpg\" \/>\n\t<meta property=\"og:image:width\" content=\"1701\" \/>\n\t<meta property=\"og:image:height\" content=\"1147\" \/>\n\t<meta property=\"og:image:type\" content=\"image\/jpeg\" \/>\n<meta name=\"twitter:card\" content=\"summary_large_image\" \/>\n<meta name=\"twitter:title\" content=\"Get Back Online: Restore Your NextLight Service\" \/>\n<meta name=\"twitter:description\" content=\"Don&#039;t stay disconnected! Follow our quick guide to paying your bill and restoring your NextLight fiber internet service in just a few clicks.\" \/>\n<meta name=\"twitter:label1\" content=\"Tiempo de lectura\" \/>\n\t<meta name=\"twitter:data1\" content=\"1 minuto\" \/>\n<script type=\"application\/ld+json\" class=\"yoast-schema-graph\">{\"@context\":\"https:\\\/\\\/schema.org\",\"@graph\":[{\"@type\":\"WebPage\",\"@id\":\"https:\\\/\\\/mynextlight.com\\\/service-disconnects\\\/\",\"url\":\"https:\\\/\\\/mynextlight.com\\\/service-disconnects\\\/\",\"name\":\"NextLight Account Temporarily Suspended: Restore Access\",\"isPartOf\":{\"@id\":\"https:\\\/\\\/mynextlight.com\\\/#website\"},\"primaryImageOfPage\":{\"@id\":\"https:\\\/\\\/mynextlight.com\\\/service-disconnects\\\/#primaryimage\"},\"image\":{\"@id\":\"https:\\\/\\\/mynextlight.com\\\/service-disconnects\\\/#primaryimage\"},\"thumbnailUrl\":\"https:\\\/\\\/mynextlight.com\\\/wp-content\\\/uploads\\\/2026\\\/01\\\/nextlight-customer-support-rep-desk.jpg\",\"datePublished\":\"2026-02-18T11:53:05+00:00\",\"dateModified\":\"2026-02-27T15:49:26+00:00\",\"description\":\"If your NextLight account has been temporarily suspended, find out how to quickly restore your service after payment.\",\"breadcrumb\":{\"@id\":\"https:\\\/\\\/mynextlight.com\\\/service-disconnects\\\/#breadcrumb\"},\"inLanguage\":\"es\",\"potentialAction\":[{\"@type\":\"ReadAction\",\"target\":[\"https:\\\/\\\/mynextlight.com\\\/service-disconnects\\\/\"]}]},{\"@type\":\"ImageObject\",\"inLanguage\":\"es\",\"@id\":\"https:\\\/\\\/mynextlight.com\\\/service-disconnects\\\/#primaryimage\",\"url\":\"https:\\\/\\\/mynextlight.com\\\/wp-content\\\/uploads\\\/2026\\\/01\\\/nextlight-customer-support-rep-desk.jpg\",\"contentUrl\":\"https:\\\/\\\/mynextlight.com\\\/wp-content\\\/uploads\\\/2026\\\/01\\\/nextlight-customer-support-rep-desk.jpg\",\"width\":1701,\"height\":1147,\"caption\":\"Smiling customer support agent with headset at dual monitors in a tidy office cubicle with warm string lights.\"},{\"@type\":\"BreadcrumbList\",\"@id\":\"https:\\\/\\\/mynextlight.com\\\/service-disconnects\\\/#breadcrumb\",\"itemListElement\":[{\"@type\":\"ListItem\",\"position\":1,\"name\":\"Home\",\"item\":\"https:\\\/\\\/mynextlight.com\\\/\"},{\"@type\":\"ListItem\",\"position\":2,\"name\":\"Service Disconnects\"}]},{\"@type\":\"WebSite\",\"@id\":\"https:\\\/\\\/mynextlight.com\\\/#website\",\"url\":\"https:\\\/\\\/mynextlight.com\\\/\",\"name\":\"NextLight\",\"description\":\"Fiber Internet in Longmont, Colorado\",\"publisher\":{\"@id\":\"https:\\\/\\\/mynextlight.com\\\/#organization\"},\"alternateName\":\"NL\",\"potentialAction\":[{\"@type\":\"SearchAction\",\"target\":{\"@type\":\"EntryPoint\",\"urlTemplate\":\"https:\\\/\\\/mynextlight.com\\\/?s={search_term_string}\"},\"query-input\":{\"@type\":\"PropertyValueSpecification\",\"valueRequired\":true,\"valueName\":\"search_term_string\"}}],\"inLanguage\":\"es\"},{\"@type\":\"Organization\",\"@id\":\"https:\\\/\\\/mynextlight.com\\\/#organization\",\"name\":\"NextLight\",\"url\":\"https:\\\/\\\/mynextlight.com\\\/\",\"logo\":{\"@type\":\"ImageObject\",\"inLanguage\":\"es\",\"@id\":\"https:\\\/\\\/mynextlight.com\\\/#\\\/schema\\\/logo\\\/image\\\/\",\"url\":\"https:\\\/\\\/mynextlight.com\\\/wp-content\\\/uploads\\\/2026\\\/01\\\/nextlight-logo.svg\",\"contentUrl\":\"https:\\\/\\\/mynextlight.com\\\/wp-content\\\/uploads\\\/2026\\\/01\\\/nextlight-logo.svg\",\"width\":250,\"height\":85,\"caption\":\"NextLight\"},\"image\":{\"@id\":\"https:\\\/\\\/mynextlight.com\\\/#\\\/schema\\\/logo\\\/image\\\/\"},\"sameAs\":[\"https:\\\/\\\/www.facebook.com\\\/NextLightLongmont\\\/\",\"https:\\\/\\\/www.instagram.com\\\/nextlightlongmont\\\/\",\"https:\\\/\\\/www.youtube.com\\\/c\\\/cityoflongmont\\\/videos\"],\"description\":\"NextLight is the City of Longmont\u2019s municipally owned fiber internet utility, providing fiber internet services to residents and businesses across Longmont, Colorado.\",\"email\":\"customerservice@mynextlight.com\",\"telephone\":\"303-774-4494\",\"legalName\":\"NextLight\",\"foundingDate\":\"2024-10-21\",\"numberOfEmployees\":{\"@type\":\"QuantitativeValue\",\"minValue\":\"11\",\"maxValue\":\"50\"}}]}<\/script>\n<!-- \/ Yoast SEO Premium plugin. -->","yoast_head_json":{"title":"NextLight Account Temporarily Suspended: Restore Access","description":"If your NextLight account has been temporarily suspended, find out how to quickly restore your service after payment.","robots":{"index":"index","follow":"follow","max-snippet":"max-snippet:-1","max-image-preview":"max-image-preview:large","max-video-preview":"max-video-preview:-1"},"canonical":"https:\/\/mynextlight.com\/es\/service-disconnects\/","og_locale":"es_MX","og_type":"article","og_title":"NextLight Account Has Been Temporarily Suspended?","og_description":"Is your NextLight account temporarily suspended? Learn how to restore service by making a quick payment today.","og_url":"https:\/\/mynextlight.com\/es\/service-disconnects\/","og_site_name":"NextLight","article_publisher":"https:\/\/www.facebook.com\/NextLightLongmont\/","article_modified_time":"2026-02-27T15:49:26+00:00","og_image":[{"width":1701,"height":1147,"url":"https:\/\/mynextlight.com\/wp-content\/uploads\/2026\/01\/nextlight-customer-support-rep-desk.jpg","type":"image\/jpeg"}],"twitter_card":"summary_large_image","twitter_title":"Get Back Online: Restore Your NextLight Service","twitter_description":"Don't stay disconnected! Follow our quick guide to paying your bill and restoring your NextLight fiber internet service in just a few clicks.","twitter_misc":{"Tiempo de lectura":"1 minuto"},"schema":{"@context":"https:\/\/schema.org","@graph":[{"@type":"WebPage","@id":"https:\/\/mynextlight.com\/service-disconnects\/","url":"https:\/\/mynextlight.com\/service-disconnects\/","name":"NextLight Account Temporarily Suspended: Restore Access","isPartOf":{"@id":"https:\/\/mynextlight.com\/#website"},"primaryImageOfPage":{"@id":"https:\/\/mynextlight.com\/service-disconnects\/#primaryimage"},"image":{"@id":"https:\/\/mynextlight.com\/service-disconnects\/#primaryimage"},"thumbnailUrl":"https:\/\/mynextlight.com\/wp-content\/uploads\/2026\/01\/nextlight-customer-support-rep-desk.jpg","datePublished":"2026-02-18T11:53:05+00:00","dateModified":"2026-02-27T15:49:26+00:00","description":"If your NextLight account has been temporarily suspended, find out how to quickly restore your service after payment.","breadcrumb":{"@id":"https:\/\/mynextlight.com\/service-disconnects\/#breadcrumb"},"inLanguage":"es","potentialAction":[{"@type":"ReadAction","target":["https:\/\/mynextlight.com\/service-disconnects\/"]}]},{"@type":"ImageObject","inLanguage":"es","@id":"https:\/\/mynextlight.com\/service-disconnects\/#primaryimage","url":"https:\/\/mynextlight.com\/wp-content\/uploads\/2026\/01\/nextlight-customer-support-rep-desk.jpg","contentUrl":"https:\/\/mynextlight.com\/wp-content\/uploads\/2026\/01\/nextlight-customer-support-rep-desk.jpg","width":1701,"height":1147,"caption":"Smiling customer support agent with headset at dual monitors in a tidy office cubicle with warm string lights."},{"@type":"BreadcrumbList","@id":"https:\/\/mynextlight.com\/service-disconnects\/#breadcrumb","itemListElement":[{"@type":"ListItem","position":1,"name":"Home","item":"https:\/\/mynextlight.com\/"},{"@type":"ListItem","position":2,"name":"Service Disconnects"}]},{"@type":"WebSite","@id":"https:\/\/mynextlight.com\/#website","url":"https:\/\/mynextlight.com\/","name":"servicio de Internet","description":"Internet por fibra \u00f3ptica en Longmont, Colorado","publisher":{"@id":"https:\/\/mynextlight.com\/#organization"},"alternateName":"NL","potentialAction":[{"@type":"SearchAction","target":{"@type":"EntryPoint","urlTemplate":"https:\/\/mynextlight.com\/?s={search_term_string}"},"query-input":{"@type":"PropertyValueSpecification","valueRequired":true,"valueName":"search_term_string"}}],"inLanguage":"es"},{"@type":"Organization","@id":"https:\/\/mynextlight.com\/#organization","name":"servicio de Internet","url":"https:\/\/mynextlight.com\/","logo":{"@type":"ImageObject","inLanguage":"es","@id":"https:\/\/mynextlight.com\/#\/schema\/logo\/image\/","url":"https:\/\/mynextlight.com\/wp-content\/uploads\/2026\/01\/nextlight-logo.svg","contentUrl":"https:\/\/mynextlight.com\/wp-content\/uploads\/2026\/01\/nextlight-logo.svg","width":250,"height":85,"caption":"NextLight"},"image":{"@id":"https:\/\/mynextlight.com\/#\/schema\/logo\/image\/"},"sameAs":["https:\/\/www.facebook.com\/NextLightLongmont\/","https:\/\/www.instagram.com\/nextlightlongmont\/","https:\/\/www.youtube.com\/c\/cityoflongmont\/videos"],"description":"NextLight es la empresa municipal de Internet por fibra \u00f3ptica de la ciudad de Longmont, que proporciona servicios de Internet por fibra \u00f3ptica a los residentes y empresas de Longmont, Colorado.","email":"customerservice@mynextlight.com","telephone":"303-774-4494","legalName":"NextLight","foundingDate":"2024-10-21","numberOfEmployees":{"@type":"QuantitativeValue","minValue":"11","maxValue":"50"}}]}},"_links":{"self":[{"href":"https:\/\/mynextlight.com\/es\/wp-json\/wp\/v2\/pages\/1972","targetHints":{"allow":["GET"]}}],"collection":[{"href":"https:\/\/mynextlight.com\/es\/wp-json\/wp\/v2\/pages"}],"about":[{"href":"https:\/\/mynextlight.com\/es\/wp-json\/wp\/v2\/types\/page"}],"author":[{"embeddable":true,"href":"https:\/\/mynextlight.com\/es\/wp-json\/wp\/v2\/users\/3"}],"replies":[{"embeddable":true,"href":"https:\/\/mynextlight.com\/es\/wp-json\/wp\/v2\/comments?post=1972"}],"version-history":[{"count":7,"href":"https:\/\/mynextlight.com\/es\/wp-json\/wp\/v2\/pages\/1972\/revisions"}],"predecessor-version":[{"id":3068,"href":"https:\/\/mynextlight.com\/es\/wp-json\/wp\/v2\/pages\/1972\/revisions\/3068"}],"wp:featuredmedia":[{"embeddable":true,"href":"https:\/\/mynextlight.com\/es\/wp-json\/wp\/v2\/media\/2762"}],"wp:attachment":[{"href":"https:\/\/mynextlight.com\/es\/wp-json\/wp\/v2\/media?parent=1972"}],"curies":[{"name":"wp","href":"https:\/\/api.w.org\/{rel}","templated":true}]}}